{"id":10593,"date":"2022-09-16T03:38:00","date_gmt":"2022-09-16T08:38:00","guid":{"rendered":"https:\/\/milempaques.com.co\/nuevo\/?post_type=product&#038;p=10593"},"modified":"2025-08-26T13:53:59","modified_gmt":"2025-08-26T18:53:59","slug":"caja-flores-harris","status":"publish","type":"product","link":"https:\/\/milempaques.com.co\/nuevo\/producto\/caja-flores-harris\/","title":{"rendered":"Caja flores harris x 6"},"content":{"rendered":"","protected":false},"excerpt":{"rendered":"<ul>\n<li>Dise\u00f1os surtidos, im\u00e1genes de referencia, el dise\u00f1o puede variar.<\/li>\n<li>Precio de paquete x 6 unidades<\/li>\n<\/ul>\n","protected":false},"featured_media":17779,"template":"","meta":{"_eb_attr":"","postBodyCss":"","postBodyMargin":[],"postBodyPadding":[],"postBodyBackground":{"backgroundType":"classic","gradient":""},"_joinchat":[]},"product_brand":[],"product_cat":[1067,1068,1062,1079],"product_tag":[],"class_list":{"0":"post-10593","1":"product","2":"type-product","3":"status-publish","4":"has-post-thumbnail","6":"product_cat-cajas","7":"product_cat-cajas-disenos","8":"product_cat-empaques-para-flores","9":"product_cat-tienda","11":"first","12":"instock","13":"shipping-taxable","14":"purchasable","15":"product-type-variable"},"aioseo_notices":[],"_links":{"self":[{"href":"https:\/\/milempaques.com.co\/nuevo\/wp-json\/wp\/v2\/product\/10593","targetHints":{"allow":["GET"]}}],"collection":[{"href":"https:\/\/milempaques.com.co\/nuevo\/wp-json\/wp\/v2\/product"}],"about":[{"href":"https:\/\/milempaques.com.co\/nuevo\/wp-json\/wp\/v2\/types\/product"}],"wp:featuredmedia":[{"embeddable":true,"href":"https:\/\/milempaques.com.co\/nuevo\/wp-json\/wp\/v2\/media\/17779"}],"wp:attachment":[{"href":"https:\/\/milempaques.com.co\/nuevo\/wp-json\/wp\/v2\/media?parent=10593"}],"wp:term":[{"taxonomy":"product_brand","embeddable":true,"href":"https:\/\/milempaques.com.co\/nuevo\/wp-json\/wp\/v2\/product_brand?post=10593"},{"taxonomy":"product_cat","embeddable":true,"href":"https:\/\/milempaques.com.co\/nuevo\/wp-json\/wp\/v2\/product_cat?post=10593"},{"taxonomy":"product_tag","embeddable":true,"href":"https:\/\/milempaques.com.co\/nuevo\/wp-json\/wp\/v2\/product_tag?post=10593"}],"curies":[{"name":"wp","href":"https:\/\/api.w.org\/{rel}","templated":true}]}}