{"id":10641,"date":"2022-09-16T03:38:07","date_gmt":"2022-09-16T08:38:07","guid":{"rendered":"https:\/\/milempaques.com.co\/nuevo\/?post_type=product&#038;p=10641"},"modified":"2025-08-25T10:52:07","modified_gmt":"2025-08-25T15:52:07","slug":"caja-uv","status":"publish","type":"product","link":"https:\/\/milempaques.com.co\/nuevo\/producto\/caja-uv\/","title":{"rendered":"Caja UV"},"content":{"rendered":"","protected":false},"excerpt":{"rendered":"<ul>\n<li>Cart\u00f3n, dise\u00f1os surtidos.<\/li>\n<li>Base color craft, tapa UV con brillo<\/li>\n<li>Medidas: 29 x 29 x 14<\/li>\n<li>Paquete x 6 unidades<\/li>\n<li>Dise\u00f1os surtidos, im\u00e1genes de referencia, el dise\u00f1o puede variar<\/li>\n<li><\/li>\n<\/ul>\n","protected":false},"featured_media":16476,"template":"","meta":{"_eb_attr":"","postBodyCss":"","postBodyMargin":[],"postBodyPadding":[],"postBodyBackground":{"backgroundType":"classic","gradient":""},"_joinchat":[]},"product_brand":[],"product_cat":[1067,1068,749,1079],"product_tag":[],"class_list":{"0":"post-10641","1":"product","2":"type-product","3":"status-publish","4":"has-post-thumbnail","6":"product_cat-cajas","7":"product_cat-cajas-disenos","8":"product_cat-cajas-para-regalo","9":"product_cat-tienda","11":"first","12":"instock","13":"shipping-taxable","14":"purchasable","15":"product-type-simple"},"aioseo_notices":[],"_links":{"self":[{"href":"https:\/\/milempaques.com.co\/nuevo\/wp-json\/wp\/v2\/product\/10641","targetHints":{"allow":["GET"]}}],"collection":[{"href":"https:\/\/milempaques.com.co\/nuevo\/wp-json\/wp\/v2\/product"}],"about":[{"href":"https:\/\/milempaques.com.co\/nuevo\/wp-json\/wp\/v2\/types\/product"}],"wp:featuredmedia":[{"embeddable":true,"href":"https:\/\/milempaques.com.co\/nuevo\/wp-json\/wp\/v2\/media\/16476"}],"wp:attachment":[{"href":"https:\/\/milempaques.com.co\/nuevo\/wp-json\/wp\/v2\/media?parent=10641"}],"wp:term":[{"taxonomy":"product_brand","embeddable":true,"href":"https:\/\/milempaques.com.co\/nuevo\/wp-json\/wp\/v2\/product_brand?post=10641"},{"taxonomy":"product_cat","embeddable":true,"href":"https:\/\/milempaques.com.co\/nuevo\/wp-json\/wp\/v2\/product_cat?post=10641"},{"taxonomy":"product_tag","embeddable":true,"href":"https:\/\/milempaques.com.co\/nuevo\/wp-json\/wp\/v2\/product_tag?post=10641"}],"curies":[{"name":"wp","href":"https:\/\/api.w.org\/{rel}","templated":true}]}}