{"id":10899,"date":"2022-09-16T03:39:04","date_gmt":"2022-09-16T03:39:04","guid":{"rendered":"https:\/\/milempaques.com.co\/nuevo\/?post_type=product&#038;p=10899"},"modified":"2025-12-02T11:58:57","modified_gmt":"2025-12-02T16:58:57","slug":"monos-magicos","status":"publish","type":"product","link":"https:\/\/milempaques.com.co\/nuevo\/producto\/monos-magicos\/","title":{"rendered":"Mo\u00f1os m\u00e1gicos"},"content":{"rendered":"","protected":false},"excerpt":{"rendered":"<ul>\n<li>Colores sujetos disponibilidad<\/li>\n<li>Medidas apr\u00f3ximadas en cent\u00edmetros de la cinta, es decir el mo\u00f1o desarmado<\/li>\n<li>En las notas debe indicar el color.<\/li>\n<li><span style=\"color: #ff0000;\">Confirme los colores disponibles v\u00eda Whatsapp<\/span><\/li>\n<li>Seleccione la medida para conocer el precio y la cantidad de mo\u00f1os x paquete.<\/li>\n<\/ul>\n","protected":false},"featured_media":20070,"template":"","meta":{"_eb_attr":"","postBodyCss":"","postBodyMargin":[],"postBodyPadding":[],"postBodyBackground":{"backgroundType":"classic","gradient":""},"_joinchat":[]},"product_brand":[],"product_cat":[19,1069,1062,1079],"product_tag":[],"class_list":{"0":"post-10899","1":"product","2":"type-product","3":"status-publish","4":"has-post-thumbnail","6":"product_cat-decoracion","7":"product_cat-dia-de-la-madre","8":"product_cat-empaques-para-flores","9":"product_cat-tienda","11":"first","12":"instock","13":"shipping-taxable","14":"purchasable","15":"product-type-variable"},"aioseo_notices":[],"_links":{"self":[{"href":"https:\/\/milempaques.com.co\/nuevo\/wp-json\/wp\/v2\/product\/10899","targetHints":{"allow":["GET"]}}],"collection":[{"href":"https:\/\/milempaques.com.co\/nuevo\/wp-json\/wp\/v2\/product"}],"about":[{"href":"https:\/\/milempaques.com.co\/nuevo\/wp-json\/wp\/v2\/types\/product"}],"wp:featuredmedia":[{"embeddable":true,"href":"https:\/\/milempaques.com.co\/nuevo\/wp-json\/wp\/v2\/media\/20070"}],"wp:attachment":[{"href":"https:\/\/milempaques.com.co\/nuevo\/wp-json\/wp\/v2\/media?parent=10899"}],"wp:term":[{"taxonomy":"product_brand","embeddable":true,"href":"https:\/\/milempaques.com.co\/nuevo\/wp-json\/wp\/v2\/product_brand?post=10899"},{"taxonomy":"product_cat","embeddable":true,"href":"https:\/\/milempaques.com.co\/nuevo\/wp-json\/wp\/v2\/product_cat?post=10899"},{"taxonomy":"product_tag","embeddable":true,"href":"https:\/\/milempaques.com.co\/nuevo\/wp-json\/wp\/v2\/product_tag?post=10899"}],"curies":[{"name":"wp","href":"https:\/\/api.w.org\/{rel}","templated":true}]}}