{"id":12967,"date":"2022-10-04T09:41:08","date_gmt":"2022-10-04T14:41:08","guid":{"rendered":"https:\/\/milempaques.com.co\/nuevo\/?post_type=product&#038;p=12967"},"modified":"2025-08-25T10:53:19","modified_gmt":"2025-08-25T15:53:19","slug":"caja-amor-lisa-3d","status":"publish","type":"product","link":"https:\/\/milempaques.com.co\/nuevo\/producto\/caja-amor-lisa-3d\/","title":{"rendered":"Caja amor lisa 3D"},"content":{"rendered":"<ul>\n<li>Dise\u00f1os surtidos.<\/li>\n<li>Medida: 10 x 12cms<\/li>\n<li>Precio x docena<\/li>\n<li>Dise\u00f1os surtidos, im\u00e1genes de referencia, el dise\u00f1o puede variar.<\/li>\n<\/ul>\n","protected":false},"excerpt":{"rendered":"<ul>\n<li>Dise\u00f1os surtidos.<\/li>\n<li>Medida: 10 x 12cms<\/li>\n<li>Precio x docena<\/li>\n<li>Dise\u00f1os surtidos, im\u00e1genes de referencia, el dise\u00f1o puede variar.<\/li>\n<\/ul>\n","protected":false},"featured_media":13711,"template":"","meta":{"_eb_attr":"","postBodyCss":"","postBodyMargin":[],"postBodyPadding":[],"postBodyBackground":{"backgroundType":"classic","gradient":""},"_joinchat":[]},"product_brand":[],"product_cat":[1068,749,1069,1079],"product_tag":[],"class_list":{"0":"post-12967","1":"product","2":"type-product","3":"status-publish","4":"has-post-thumbnail","6":"product_cat-cajas-disenos","7":"product_cat-cajas-para-regalo","8":"product_cat-dia-de-la-madre","9":"product_cat-tienda","11":"first","12":"instock","13":"shipping-taxable","14":"purchasable","15":"product-type-simple"},"aioseo_notices":[],"_links":{"self":[{"href":"https:\/\/milempaques.com.co\/nuevo\/wp-json\/wp\/v2\/product\/12967","targetHints":{"allow":["GET"]}}],"collection":[{"href":"https:\/\/milempaques.com.co\/nuevo\/wp-json\/wp\/v2\/product"}],"about":[{"href":"https:\/\/milempaques.com.co\/nuevo\/wp-json\/wp\/v2\/types\/product"}],"wp:featuredmedia":[{"embeddable":true,"href":"https:\/\/milempaques.com.co\/nuevo\/wp-json\/wp\/v2\/media\/13711"}],"wp:attachment":[{"href":"https:\/\/milempaques.com.co\/nuevo\/wp-json\/wp\/v2\/media?parent=12967"}],"wp:term":[{"taxonomy":"product_brand","embeddable":true,"href":"https:\/\/milempaques.com.co\/nuevo\/wp-json\/wp\/v2\/product_brand?post=12967"},{"taxonomy":"product_cat","embeddable":true,"href":"https:\/\/milempaques.com.co\/nuevo\/wp-json\/wp\/v2\/product_cat?post=12967"},{"taxonomy":"product_tag","embeddable":true,"href":"https:\/\/milempaques.com.co\/nuevo\/wp-json\/wp\/v2\/product_tag?post=12967"}],"curies":[{"name":"wp","href":"https:\/\/api.w.org\/{rel}","templated":true}]}}