{"id":18005,"date":"2024-08-14T14:12:43","date_gmt":"2024-08-14T19:12:43","guid":{"rendered":"https:\/\/milempaques.com.co\/nuevo\/?post_type=product&#038;p=18005"},"modified":"2025-08-16T09:44:09","modified_gmt":"2025-08-16T14:44:09","slug":"oso-transparente","status":"publish","type":"product","link":"https:\/\/milempaques.com.co\/nuevo\/producto\/oso-transparente\/","title":{"rendered":"Oso transparente x6"},"content":{"rendered":"","protected":false},"excerpt":{"rendered":"<ul>\n<li>Acr\u00edlico, azul transparente, \u00fanico color y dise\u00f1o<\/li>\n<li>Medidas: 8x11x7 cms<\/li>\n<li>Precio x 6 unds<\/li>\n<\/ul>\n","protected":false},"featured_media":18006,"template":"","meta":{"_eb_attr":"","postBodyCss":"","postBodyMargin":[],"postBodyPadding":[],"postBodyBackground":{"backgroundType":"classic","gradient":""},"_joinchat":[]},"product_brand":[],"product_cat":[19,1071,1079],"product_tag":[],"class_list":{"0":"post-18005","1":"product","2":"type-product","3":"status-publish","4":"has-post-thumbnail","6":"product_cat-decoracion","7":"product_cat-empaques-alimentos","8":"product_cat-tienda","10":"first","11":"instock","12":"shipping-taxable","13":"purchasable","14":"product-type-simple"},"aioseo_notices":[],"_links":{"self":[{"href":"https:\/\/milempaques.com.co\/nuevo\/wp-json\/wp\/v2\/product\/18005","targetHints":{"allow":["GET"]}}],"collection":[{"href":"https:\/\/milempaques.com.co\/nuevo\/wp-json\/wp\/v2\/product"}],"about":[{"href":"https:\/\/milempaques.com.co\/nuevo\/wp-json\/wp\/v2\/types\/product"}],"wp:featuredmedia":[{"embeddable":true,"href":"https:\/\/milempaques.com.co\/nuevo\/wp-json\/wp\/v2\/media\/18006"}],"wp:attachment":[{"href":"https:\/\/milempaques.com.co\/nuevo\/wp-json\/wp\/v2\/media?parent=18005"}],"wp:term":[{"taxonomy":"product_brand","embeddable":true,"href":"https:\/\/milempaques.com.co\/nuevo\/wp-json\/wp\/v2\/product_brand?post=18005"},{"taxonomy":"product_cat","embeddable":true,"href":"https:\/\/milempaques.com.co\/nuevo\/wp-json\/wp\/v2\/product_cat?post=18005"},{"taxonomy":"product_tag","embeddable":true,"href":"https:\/\/milempaques.com.co\/nuevo\/wp-json\/wp\/v2\/product_tag?post=18005"}],"curies":[{"name":"wp","href":"https:\/\/api.w.org\/{rel}","templated":true}]}}