{"id":9964,"date":"2022-09-16T03:36:12","date_gmt":"2022-09-16T08:36:12","guid":{"rendered":"https:\/\/milempaques.com.co\/nuevo\/?post_type=product&#038;p=9964"},"modified":"2025-09-12T13:04:50","modified_gmt":"2025-09-12T18:04:50","slug":"bolsa-ecologica-dos-manijas","status":"publish","type":"product","link":"https:\/\/milempaques.com.co\/nuevo\/producto\/bolsa-ecologica-dos-manijas\/","title":{"rendered":"Bolsa ecol\u00f3gica dos manijas"},"content":{"rendered":"","protected":false},"excerpt":{"rendered":"<ul>\n<li>Tela no tejida, cambre 70 gramos<\/li>\n<li>Sobre pedido, m\u00ednimo 100 unds. Con 8 d\u00edas h\u00e1biles para entrega<\/li>\n<li>Colores: Negro, azul rey, Rojo, verde y blanco<\/li>\n<li><u>Recomendaci\u00f3n de estampado, una tinta.<\/u><\/li>\n<\/ul>\n","protected":false},"featured_media":17812,"template":"","meta":{"_eb_attr":"","postBodyCss":"","postBodyMargin":[],"postBodyPadding":[],"postBodyBackground":{"backgroundType":"classic","gradient":""},"_joinchat":[]},"product_brand":[],"product_cat":[740,1065,1066,1079],"product_tag":[],"class_list":{"0":"post-9964","1":"product","2":"type-product","3":"status-publish","4":"has-post-thumbnail","6":"product_cat-bolsa-reutilizable","7":"product_cat-bolsas","8":"product_cat-bolsas-ecologicas","9":"product_cat-tienda","11":"first","12":"instock","13":"shipping-taxable","14":"purchasable","15":"product-type-variable"},"aioseo_notices":[],"_links":{"self":[{"href":"https:\/\/milempaques.com.co\/nuevo\/wp-json\/wp\/v2\/product\/9964","targetHints":{"allow":["GET"]}}],"collection":[{"href":"https:\/\/milempaques.com.co\/nuevo\/wp-json\/wp\/v2\/product"}],"about":[{"href":"https:\/\/milempaques.com.co\/nuevo\/wp-json\/wp\/v2\/types\/product"}],"wp:featuredmedia":[{"embeddable":true,"href":"https:\/\/milempaques.com.co\/nuevo\/wp-json\/wp\/v2\/media\/17812"}],"wp:attachment":[{"href":"https:\/\/milempaques.com.co\/nuevo\/wp-json\/wp\/v2\/media?parent=9964"}],"wp:term":[{"taxonomy":"product_brand","embeddable":true,"href":"https:\/\/milempaques.com.co\/nuevo\/wp-json\/wp\/v2\/product_brand?post=9964"},{"taxonomy":"product_cat","embeddable":true,"href":"https:\/\/milempaques.com.co\/nuevo\/wp-json\/wp\/v2\/product_cat?post=9964"},{"taxonomy":"product_tag","embeddable":true,"href":"https:\/\/milempaques.com.co\/nuevo\/wp-json\/wp\/v2\/product_tag?post=9964"}],"curies":[{"name":"wp","href":"https:\/\/api.w.org\/{rel}","templated":true}]}}